{"id":9919,"date":"2024-11-18T10:46:15","date_gmt":"2024-11-18T10:46:15","guid":{"rendered":"https:\/\/www.emhe.es\/?page_id=9919"},"modified":"2024-11-27T07:22:58","modified_gmt":"2024-11-27T07:22:58","slug":"oficinas","status":"publish","type":"page","link":"https:\/\/www.emhe.es\/en\/oficinas\/","title":{"rendered":"RocaJunyent_grupo &#8211; EMHE Legal &#8211; Oficinas"},"content":{"rendered":"<section class=\"section\" id=\"section_1362560575\">\n\t\t<div class=\"bg section-bg fill bg-fill  bg-loaded\" >\n\n\t\t\t\n\t\t\t\n\t\t\t\n\n\t\t<\/div>\n\n\t\t\n\n\t\t<div class=\"section-content relative\">\n\t\t\t\n<div class=\"row align-center\"  id=\"row-710589850\">\n\n\t<div id=\"col-594302232\" class=\"col medium-11 small-12 large-11\"  >\n\t\t\t\t<div class=\"col-inner text-center\"  >\n\t\t\t\n\t\t\t\n<h2>Oficinas Grupo Roca Junyent<\/h2>\n\t\t<\/div>\n\t\t\t\t\t<\/div>\n\n\t\n<\/div>\n<div class=\"row align-equal row-box-shadow-2-hover\"  id=\"row-701827528\">\n\n\t<div id=\"col-805363017\" class=\"col medium-6 small-12 large-4\"  data-animate=\"bounceInUp\">\n\t\t\t\t<div class=\"col-inner\"  >\n\t\t\t\n\t\t\t\n\n\t<a class=\"plain\" href=\"\/areas-de-practica\/#societario\" >\t<div class=\"icon-box featured-box icon-box-center text-center\"  >\n\t\t\t\t\t<div class=\"icon-box-img\" style=\"width: 48px\">\n\t\t\t\t<div class=\"icon\">\n\t\t\t\t\t<div class=\"icon-inner\" >\n\t\t\t\t\t\t<img loading=\"lazy\" decoding=\"async\" width=\"96\" height=\"96\" src=\"https:\/\/www.emhe.es\/wp-content\/uploads\/2024\/02\/file-list-line.png\" class=\"attachment-medium size-medium\" alt=\"\" \/>\t\t\t\t\t<\/div>\n\t\t\t\t<\/div>\n\t\t\t<\/div>\n\t\t\t\t<div class=\"icon-box-text last-reset\">\n\t\t\t\t\t\t\t\t\t\n<h2>Roca Junyent<\/h2>\n<h1><strong>Madrid<\/strong><\/h1>\n\t<div id=\"gap-1492674632\" class=\"gap-element clearfix\" style=\"display:block; height:auto;\">\n\t\t\n<style>\n#gap-1492674632 {\n  padding-top: 30px;\n}\n<\/style>\n\t<\/div>\n\t\n<a href=\"https:\/\/www.rocajunyent.com\/es\/firma\/nuestras-oficinas-y-oficinas-asociadas\" target=\"_blank\" class=\"button alert lowercase\" rel=\"noopener\"  style=\"border-radius:99px;\">\n    <span>Ver m\u00e1s<\/span>\n  <\/a>\n\n\t\t<\/div>\n\t<\/div>\n\t<\/a>\n\t\n\t\t<\/div>\n\t\t\t\t\t<\/div>\n\n\t\n\n\t<div id=\"col-1258276909\" class=\"col medium-6 small-12 large-4\"  data-animate=\"bounceInUp\">\n\t\t\t\t<div class=\"col-inner\"  >\n\t\t\t\n\t\t\t\n\n\t<a class=\"plain\" href=\"\/areas-de-practica\/#societario\" >\t<div class=\"icon-box featured-box icon-box-center text-center\"  >\n\t\t\t\t\t<div class=\"icon-box-img\" style=\"width: 48px\">\n\t\t\t\t<div class=\"icon\">\n\t\t\t\t\t<div class=\"icon-inner\" >\n\t\t\t\t\t\t<img loading=\"lazy\" decoding=\"async\" width=\"96\" height=\"96\" src=\"https:\/\/www.emhe.es\/wp-content\/uploads\/2024\/02\/file-list-line.png\" class=\"attachment-medium size-medium\" alt=\"\" \/>\t\t\t\t\t<\/div>\n\t\t\t\t<\/div>\n\t\t\t<\/div>\n\t\t\t\t<div class=\"icon-box-text last-reset\">\n\t\t\t\t\t\t\t\t\t\n<h2>Roca Junyent<\/h2>\n<h1><strong>Barcelona<\/strong><\/h1>\n\t<div id=\"gap-1671541606\" class=\"gap-element clearfix\" style=\"display:block; height:auto;\">\n\t\t\n<style>\n#gap-1671541606 {\n  padding-top: 30px;\n}\n<\/style>\n\t<\/div>\n\t\n<a href=\"https:\/\/www.rocajunyent.com\/es\/firma\/nuestras-oficinas-y-oficinas-asociadas\" target=\"_blank\" class=\"button alert lowercase\" rel=\"noopener\"  style=\"border-radius:99px;\">\n    <span>Ver m\u00e1s<\/span>\n  <\/a>\n\n\t\t<\/div>\n\t<\/div>\n\t<\/a>\n\t\n\t\t<\/div>\n\t\t\t\t\t<\/div>\n\n\t\n\n\t<div id=\"col-1212740242\" class=\"col medium-6 small-12 large-4\"  data-animate=\"bounceInUp\">\n\t\t\t\t<div class=\"col-inner\"  >\n\t\t\t\n\t\t\t\n\n\t<a class=\"plain\" href=\"\/areas-de-practica\/#societario\" >\t<div class=\"icon-box featured-box icon-box-center text-center\"  >\n\t\t\t\t\t<div class=\"icon-box-img\" style=\"width: 48px\">\n\t\t\t\t<div class=\"icon\">\n\t\t\t\t\t<div class=\"icon-inner\" >\n\t\t\t\t\t\t<img loading=\"lazy\" decoding=\"async\" width=\"96\" height=\"96\" src=\"https:\/\/www.emhe.es\/wp-content\/uploads\/2024\/02\/file-list-line.png\" class=\"attachment-medium size-medium\" alt=\"\" \/>\t\t\t\t\t<\/div>\n\t\t\t\t<\/div>\n\t\t\t<\/div>\n\t\t\t\t<div class=\"icon-box-text last-reset\">\n\t\t\t\t\t\t\t\t\t\n<h2>Roca Junyent<\/h2>\n<h1><strong>Girona<\/strong><\/h1>\n\t<div id=\"gap-1101135460\" class=\"gap-element clearfix\" style=\"display:block; height:auto;\">\n\t\t\n<style>\n#gap-1101135460 {\n  padding-top: 30px;\n}\n<\/style>\n\t<\/div>\n\t\n<a href=\"https:\/\/www.rocajunyent.com\/es\/firma\/nuestras-oficinas-y-oficinas-asociadas\" target=\"_blank\" class=\"button alert lowercase\" rel=\"noopener\"  style=\"border-radius:99px;\">\n    <span>Ver m\u00e1s<\/span>\n  <\/a>\n\n\t\t<\/div>\n\t<\/div>\n\t<\/a>\n\t\n\t\t<\/div>\n\t\t\t\t\t<\/div>\n\n\t\n\n<style>\n#row-701827528 > .col > .col-inner {\n  padding: 40px 40px 40px 40px;\n  background-color: #cecece;\n  border-radius: 20px;\n}\n<\/style>\n<\/div>\n<div class=\"row align-equal row-box-shadow-2-hover\"  id=\"row-1661533968\">\n\n\t<div id=\"col-1200118383\" class=\"col medium-6 small-12 large-4\"  data-animate=\"bounceInUp\">\n\t\t\t\t<div class=\"col-inner\"  >\n\t\t\t\n\t\t\t\n\n\t<a class=\"plain\" href=\"\/areas-de-practica\/#societario\" >\t<div class=\"icon-box featured-box icon-box-center text-center\"  >\n\t\t\t\t\t<div class=\"icon-box-img\" style=\"width: 48px\">\n\t\t\t\t<div class=\"icon\">\n\t\t\t\t\t<div class=\"icon-inner\" >\n\t\t\t\t\t\t<img loading=\"lazy\" decoding=\"async\" width=\"96\" height=\"96\" src=\"https:\/\/www.emhe.es\/wp-content\/uploads\/2024\/02\/file-list-line.png\" class=\"attachment-medium size-medium\" alt=\"\" \/>\t\t\t\t\t<\/div>\n\t\t\t\t<\/div>\n\t\t\t<\/div>\n\t\t\t\t<div class=\"icon-box-text last-reset\">\n\t\t\t\t\t\t\t\t\t\n<h4 class=\"elementor-cta__title elementor-cta__content-item elementor-content-item\">Roca Junyent &#8211; Gaona, Palacios y Rozados Abogados<\/h4>\n<h1><strong>Sevilla<\/strong><\/h1>\n\t<div id=\"gap-2122130129\" class=\"gap-element clearfix\" style=\"display:block; height:auto;\">\n\t\t\n<style>\n#gap-2122130129 {\n  padding-top: 30px;\n}\n<\/style>\n\t<\/div>\n\t\n<a href=\"https:\/\/www.gprabogados.com\/\" target=\"_blank\" class=\"button alert lowercase\" rel=\"noopener\"  style=\"border-radius:99px;\">\n    <span>Ver m\u00e1s<\/span>\n  <\/a>\n\n\t\t<\/div>\n\t<\/div>\n\t<\/a>\n\t\n\t\t<\/div>\n\t\t\t\t\t<\/div>\n\n\t\n\n\t<div id=\"col-137424593\" class=\"col medium-6 small-12 large-4\"  data-animate=\"bounceInUp\">\n\t\t\t\t<div class=\"col-inner\"  >\n\t\t\t\n\t\t\t\n\n\t<a class=\"plain\" href=\"\/areas-de-practica\/#societario\" >\t<div class=\"icon-box featured-box icon-box-center text-center\"  >\n\t\t\t\t\t<div class=\"icon-box-img\" style=\"width: 48px\">\n\t\t\t\t<div class=\"icon\">\n\t\t\t\t\t<div class=\"icon-inner\" >\n\t\t\t\t\t\t<img loading=\"lazy\" decoding=\"async\" width=\"96\" height=\"96\" src=\"https:\/\/www.emhe.es\/wp-content\/uploads\/2024\/02\/file-list-line.png\" class=\"attachment-medium size-medium\" alt=\"\" \/>\t\t\t\t\t<\/div>\n\t\t\t\t<\/div>\n\t\t\t<\/div>\n\t\t\t\t<div class=\"icon-box-text last-reset\">\n\t\t\t\t\t\t\t\t\t\n<h4 class=\"elementor-cta__title elementor-cta__content-item elementor-content-item\">Roca Junyent &#8211; Gaona, Palacios y Rozados Abogados<\/h4>\n<h1><strong>M\u00e1laga<\/strong><\/h1>\n\t<div id=\"gap-1247453254\" class=\"gap-element clearfix\" style=\"display:block; height:auto;\">\n\t\t\n<style>\n#gap-1247453254 {\n  padding-top: 30px;\n}\n<\/style>\n\t<\/div>\n\t\n<a href=\"https:\/\/www.gprabogados.com\/\" target=\"_blank\" class=\"button alert lowercase\" rel=\"noopener\"  style=\"border-radius:99px;\">\n    <span>Ver m\u00e1s<\/span>\n  <\/a>\n\n\t\t<\/div>\n\t<\/div>\n\t<\/a>\n\t\n\t\t<\/div>\n\t\t\t\t\t<\/div>\n\n\t\n\n\t<div id=\"col-327965982\" class=\"col medium-6 small-12 large-4\"  data-animate=\"bounceInUp\">\n\t\t\t\t<div class=\"col-inner\"  >\n\t\t\t\n\t\t\t\n\n\t<a class=\"plain\" href=\"\/areas-de-practica\/#societario\" >\t<div class=\"icon-box featured-box icon-box-center text-center\"  >\n\t\t\t\t\t<div class=\"icon-box-img\" style=\"width: 48px\">\n\t\t\t\t<div class=\"icon\">\n\t\t\t\t\t<div class=\"icon-inner\" >\n\t\t\t\t\t\t<img loading=\"lazy\" decoding=\"async\" width=\"96\" height=\"96\" src=\"https:\/\/www.emhe.es\/wp-content\/uploads\/2024\/02\/file-list-line.png\" class=\"attachment-medium size-medium\" alt=\"\" \/>\t\t\t\t\t<\/div>\n\t\t\t\t<\/div>\n\t\t\t<\/div>\n\t\t\t\t<div class=\"icon-box-text last-reset\">\n\t\t\t\t\t\t\t\t\t\n<h4 class=\"elementor-cta__title elementor-cta__content-item elementor-content-item\">Roca Junyent &#8211; Gaona, Palacios y Rozados Abogados<\/h4>\n<h1><strong>Madrid<\/strong><\/h1>\n\t<div id=\"gap-934036180\" class=\"gap-element clearfix\" style=\"display:block; height:auto;\">\n\t\t\n<style>\n#gap-934036180 {\n  padding-top: 30px;\n}\n<\/style>\n\t<\/div>\n\t\n<a href=\"https:\/\/www.gprabogados.com\/\" target=\"_blank\" class=\"button alert lowercase\" rel=\"noopener\"  style=\"border-radius:99px;\">\n    <span>Ver m\u00e1s<\/span>\n  <\/a>\n\n\t\t<\/div>\n\t<\/div>\n\t<\/a>\n\t\n\t\t<\/div>\n\t\t\t\t\t<\/div>\n\n\t\n\n<style>\n#row-1661533968 > .col > .col-inner {\n  padding: 40px 40px 40px 40px;\n  background-color: #cecece;\n  border-radius: 20px;\n}\n<\/style>\n<\/div>\n<div class=\"row align-equal row-box-shadow-2-hover\"  id=\"row-1823873508\">\n\n\t<div id=\"col-2071193582\" class=\"col medium-6 small-12 large-4\"  data-animate=\"bounceInUp\">\n\t\t\t\t<div class=\"col-inner\"  >\n\t\t\t\n\t\t\t\n\n\t<a class=\"plain\" href=\"\/areas-de-practica\/#societario\" >\t<div class=\"icon-box featured-box icon-box-center text-center\"  >\n\t\t\t\t\t<div class=\"icon-box-img\" style=\"width: 48px\">\n\t\t\t\t<div class=\"icon\">\n\t\t\t\t\t<div class=\"icon-inner\" >\n\t\t\t\t\t\t<img loading=\"lazy\" decoding=\"async\" width=\"96\" height=\"96\" src=\"https:\/\/www.emhe.es\/wp-content\/uploads\/2024\/02\/file-list-line.png\" class=\"attachment-medium size-medium\" alt=\"\" \/>\t\t\t\t\t<\/div>\n\t\t\t\t<\/div>\n\t\t\t<\/div>\n\t\t\t\t<div class=\"icon-box-text last-reset\">\n\t\t\t\t\t\t\t\t\t\n<h4 class=\"elementor-cta__title elementor-cta__content-item elementor-content-item\">Roca Junyent &#8211; <br \/>Riutord Advocats<\/h4>\n<h1><strong>Palma<\/strong><\/h1>\n\t<div id=\"gap-1549141829\" class=\"gap-element clearfix\" style=\"display:block; height:auto;\">\n\t\t\n<style>\n#gap-1549141829 {\n  padding-top: 30px;\n}\n<\/style>\n\t<\/div>\n\t\n<a href=\"https:\/\/www.rocajunyent.com\/es\/firma\/oficinas-asociadas\/roca-junyent-riutord-advocats\" target=\"_blank\" class=\"button alert lowercase\" rel=\"noopener\"  style=\"border-radius:99px;\">\n    <span>Ver m\u00e1s<\/span>\n  <\/a>\n\n\t\t<\/div>\n\t<\/div>\n\t<\/a>\n\t\n\t\t<\/div>\n\t\t\t\t\t<\/div>\n\n\t\n\n\t<div id=\"col-793763867\" class=\"col medium-6 small-12 large-4\"  data-animate=\"bounceInUp\">\n\t\t\t\t<div class=\"col-inner\"  >\n\t\t\t\n\t\t\t\n\n\t<a class=\"plain\" href=\"\/areas-de-practica\/#societario\" >\t<div class=\"icon-box featured-box icon-box-center text-center\"  >\n\t\t\t\t\t<div class=\"icon-box-img\" style=\"width: 48px\">\n\t\t\t\t<div class=\"icon\">\n\t\t\t\t\t<div class=\"icon-inner\" >\n\t\t\t\t\t\t<img loading=\"lazy\" decoding=\"async\" width=\"96\" height=\"96\" src=\"https:\/\/www.emhe.es\/wp-content\/uploads\/2024\/02\/file-list-line.png\" class=\"attachment-medium size-medium\" alt=\"\" \/>\t\t\t\t\t<\/div>\n\t\t\t\t<\/div>\n\t\t\t<\/div>\n\t\t\t\t<div class=\"icon-box-text last-reset\">\n\t\t\t\t\t\t\t\t\t\n<h4 class=\"elementor-cta__title elementor-cta__content-item elementor-content-item\">Roca Junyent &#8211; <br \/>Hernando Lara Abogados<\/h4>\n<h1><strong>Burgos<\/strong><\/h1>\n\t<div id=\"gap-167168109\" class=\"gap-element clearfix\" style=\"display:block; height:auto;\">\n\t\t\n<style>\n#gap-167168109 {\n  padding-top: 30px;\n}\n<\/style>\n\t<\/div>\n\t\n<a href=\"https:\/\/www.rocajunyent.com\/es\/firma\/oficinas-asociadas\/roca-junyent-hernando-lara-abogados\" target=\"_blank\" class=\"button alert lowercase\" rel=\"noopener\"  style=\"border-radius:99px;\">\n    <span>Ver m\u00e1s<\/span>\n  <\/a>\n\n\t\t<\/div>\n\t<\/div>\n\t<\/a>\n\t\n\t\t<\/div>\n\t\t\t\t\t<\/div>\n\n\t\n\n\t<div id=\"col-213209028\" class=\"col medium-6 small-12 large-4\"  data-animate=\"bounceInUp\">\n\t\t\t\t<div class=\"col-inner\"  >\n\t\t\t\n\t\t\t\n\n\t<a class=\"plain\" href=\"\/areas-de-practica\/#societario\" >\t<div class=\"icon-box featured-box icon-box-center text-center\"  >\n\t\t\t\t\t<div class=\"icon-box-img\" style=\"width: 48px\">\n\t\t\t\t<div class=\"icon\">\n\t\t\t\t\t<div class=\"icon-inner\" >\n\t\t\t\t\t\t<img loading=\"lazy\" decoding=\"async\" width=\"96\" height=\"96\" src=\"https:\/\/www.emhe.es\/wp-content\/uploads\/2024\/02\/file-list-line.png\" class=\"attachment-medium size-medium\" alt=\"\" \/>\t\t\t\t\t<\/div>\n\t\t\t\t<\/div>\n\t\t\t<\/div>\n\t\t\t\t<div class=\"icon-box-text last-reset\">\n\t\t\t\t\t\t\t\t\t\n<h4 class=\"elementor-cta__title elementor-cta__content-item elementor-content-item\">Roca Junyent &#8211; <br \/>Jan\u00e9 Assessors<\/h4>\n<h1><strong>Tarragona<\/strong><\/h1>\n\t<div id=\"gap-706146467\" class=\"gap-element clearfix\" style=\"display:block; height:auto;\">\n\t\t\n<style>\n#gap-706146467 {\n  padding-top: 30px;\n}\n<\/style>\n\t<\/div>\n\t\n<a href=\"https:\/\/www.rocajunyent.com\/es\/firma\/oficinas-asociadas\/roca-junyent-jane-assessors\" target=\"_blank\" class=\"button alert lowercase\" rel=\"noopener\"  style=\"border-radius:99px;\">\n    <span>Ver m\u00e1s<\/span>\n  <\/a>\n\n\t\t<\/div>\n\t<\/div>\n\t<\/a>\n\t\n\t\t<\/div>\n\t\t\t\t\t<\/div>\n\n\t\n\n<style>\n#row-1823873508 > .col > .col-inner {\n  padding: 40px 40px 40px 40px;\n  background-color: #cecece;\n  border-radius: 20px;\n}\n<\/style>\n<\/div>\n<div class=\"row align-equal row-box-shadow-2-hover\"  id=\"row-1212310651\">\n\n\t<div id=\"col-1424798092\" class=\"col medium-6 small-12 large-4\"  data-animate=\"bounceInUp\">\n\t\t\t\t<div class=\"col-inner\"  >\n\t\t\t\n\t\t\t\n\n\t<a class=\"plain\" href=\"\/areas-de-practica\/#societario\" >\t<div class=\"icon-box featured-box icon-box-center text-center\"  >\n\t\t\t\t\t<div class=\"icon-box-img\" style=\"width: 48px\">\n\t\t\t\t<div class=\"icon\">\n\t\t\t\t\t<div class=\"icon-inner\" >\n\t\t\t\t\t\t<img loading=\"lazy\" decoding=\"async\" width=\"96\" height=\"96\" src=\"https:\/\/www.emhe.es\/wp-content\/uploads\/2024\/02\/file-list-line.png\" class=\"attachment-medium size-medium\" alt=\"\" \/>\t\t\t\t\t<\/div>\n\t\t\t\t<\/div>\n\t\t\t<\/div>\n\t\t\t\t<div class=\"icon-box-text last-reset\">\n\t\t\t\t\t\t\t\t\t\n<h4 class=\"elementor-cta__title elementor-cta__content-item elementor-content-item\">Roca Junyent &#8211; <br \/>Sanz Lomana &amp; Puras<\/h4>\n<h1><strong>Valladolid<\/strong><\/h1>\n\t<div id=\"gap-990358817\" class=\"gap-element clearfix\" style=\"display:block; height:auto;\">\n\t\t\n<style>\n#gap-990358817 {\n  padding-top: 30px;\n}\n<\/style>\n\t<\/div>\n\t\n<a href=\"https:\/\/www.rocajunyent.com\/es\/firma\/oficinas-asociadas\/roca-junyent-sanz-lomana-puras\" target=\"_blank\" class=\"button alert lowercase\" rel=\"noopener\"  style=\"border-radius:99px;\">\n    <span>Ver m\u00e1s<\/span>\n  <\/a>\n\n\t\t<\/div>\n\t<\/div>\n\t<\/a>\n\t\n\t\t<\/div>\n\t\t\t\t\t<\/div>\n\n\t\n\n\t<div id=\"col-1106956191\" class=\"col medium-6 small-12 large-4\"  data-animate=\"bounceInUp\">\n\t\t\t\t<div class=\"col-inner\"  >\n\t\t\t\n\t\t\t\n\n\t<a class=\"plain\" href=\"\/areas-de-practica\/#societario\" >\t<div class=\"icon-box featured-box icon-box-center text-center\"  >\n\t\t\t\t\t<div class=\"icon-box-img\" style=\"width: 48px\">\n\t\t\t\t<div class=\"icon\">\n\t\t\t\t\t<div class=\"icon-inner\" >\n\t\t\t\t\t\t<img loading=\"lazy\" decoding=\"async\" width=\"96\" height=\"96\" src=\"https:\/\/www.emhe.es\/wp-content\/uploads\/2024\/02\/file-list-line.png\" class=\"attachment-medium size-medium\" alt=\"\" \/>\t\t\t\t\t<\/div>\n\t\t\t\t<\/div>\n\t\t\t<\/div>\n\t\t\t\t<div class=\"icon-box-text last-reset\">\n\t\t\t\t\t\t\t\t\t\n<h4 class=\"elementor-cta__title elementor-cta__content-item elementor-content-item\">Roca Junyent &#8211; Gaona, Palacios y Rozados Abogados<\/h4>\n<h1><strong>Badajoz<\/strong><\/h1>\n\t<div id=\"gap-866480817\" class=\"gap-element clearfix\" style=\"display:block; height:auto;\">\n\t\t\n<style>\n#gap-866480817 {\n  padding-top: 30px;\n}\n<\/style>\n\t<\/div>\n\t\n<a href=\"https:\/\/www.gprabogados.com\/\" target=\"_blank\" class=\"button alert lowercase\" rel=\"noopener\"  style=\"border-radius:99px;\">\n    <span>Ver m\u00e1s<\/span>\n  <\/a>\n\n\t\t<\/div>\n\t<\/div>\n\t<\/a>\n\t\n\t\t<\/div>\n\t\t\t\t\t<\/div>\n\n\t\n\n\t<div id=\"col-998467339\" class=\"col medium-6 small-12 large-4\"  data-animate=\"bounceInUp\">\n\t\t\t\t<div class=\"col-inner\"  >\n\t\t\t\n\t\t\t\n\n\t<a class=\"plain\" href=\"\/areas-de-practica\/#societario\" >\t<div class=\"icon-box featured-box icon-box-center text-center\"  >\n\t\t\t\t\t<div class=\"icon-box-img\" style=\"width: 48px\">\n\t\t\t\t<div class=\"icon\">\n\t\t\t\t\t<div class=\"icon-inner\" >\n\t\t\t\t\t\t<img loading=\"lazy\" decoding=\"async\" width=\"96\" height=\"96\" src=\"https:\/\/www.emhe.es\/wp-content\/uploads\/2024\/02\/file-list-line.png\" class=\"attachment-medium size-medium\" alt=\"\" \/>\t\t\t\t\t<\/div>\n\t\t\t\t<\/div>\n\t\t\t<\/div>\n\t\t\t\t<div class=\"icon-box-text last-reset\">\n\t\t\t\t\t\t\t\t\t\n<h4 class=\"elementor-cta__title elementor-cta__content-item elementor-content-item\">Roca Junyent &#8211; <br \/>Emhe Legal<\/h4>\n<h1><strong>Valencia<\/strong><\/h1>\n\t<div id=\"gap-1449353774\" class=\"gap-element clearfix\" style=\"display:block; height:auto;\">\n\t\t\n<style>\n#gap-1449353774 {\n  padding-top: 30px;\n}\n<\/style>\n\t<\/div>\n\t\n<a href=\"http:\/\/emhe.es\" target=\"_blank\" class=\"button alert lowercase\" rel=\"noopener\"  style=\"border-radius:99px;\">\n    <span>Ver m\u00e1s<\/span>\n  <\/a>\n\n\t\t<\/div>\n\t<\/div>\n\t<\/a>\n\t\n\t\t<\/div>\n\t\t\t\t\t<\/div>\n\n\t\n\n<style>\n#row-1212310651 > .col > .col-inner {\n  padding: 40px 40px 40px 40px;\n  background-color: #cecece;\n  border-radius: 20px;\n}\n<\/style>\n<\/div>\n\t\t<\/div>\n\n\t\t\n<style>\n#section_1362560575 {\n  padding-top: 60px;\n  padding-bottom: 60px;\n  background-color: rgb(250, 250, 250);\n}\n<\/style>\n\t<\/section>\n\t\n\t<div id=\"gap-1738272226\" class=\"gap-element clearfix\" style=\"display:block; height:auto;\">\n\t\t\n<style>\n#gap-1738272226 {\n  padding-top: 90px;\n}\n<\/style>\n\t<\/div>","protected":false},"excerpt":{"rendered":"Oficinas Grupo Roca Junyent Roca Junyent Madrid #gap-470728953 { padding-top: 30px; } Ver m\u00e1s Roca Junyent Barcelona #gap-34909441 { padding-top: 30px; } Ver m\u00e1s Roca Junyent Girona #gap-845050219 { padding-top: 30px; } Ver m\u00e1s #row-1668213060 > .col > .col-inner { padding: 40px 40px 40px 40px; background-color: #cecece; border-radius: 20px; } Roca Junyent - Gaona, Palacios [...]","protected":false},"author":1,"featured_media":0,"parent":0,"menu_order":0,"comment_status":"closed","ping_status":"closed","template":"page-blank.php","meta":{"footnotes":""},"yoast_head":"<!-- This site is optimized with the Yoast SEO plugin v23.5 - https:\/\/yoast.com\/wordpress\/plugins\/seo\/ -->\n<title>RocaJunyent_grupo - EMHE Legal - Oficinas - RocaJunyent_grupo - EMHE Legal<\/title>\n<meta name=\"robots\" content=\"index, follow, max-snippet:-1, max-image-preview:large, max-video-preview:-1\" \/>\n<link rel=\"canonical\" href=\"https:\/\/www.emhe.es\/oficinas\/\" \/>\n<meta property=\"og:locale\" content=\"en_US\" \/>\n<meta property=\"og:type\" content=\"article\" \/>\n<meta property=\"og:title\" content=\"RocaJunyent_grupo - EMHE Legal - Oficinas - RocaJunyent_grupo - EMHE Legal\" \/>\n<meta property=\"og:url\" content=\"https:\/\/www.emhe.es\/oficinas\/\" \/>\n<meta property=\"og:site_name\" content=\"RocaJunyent_grupo - EMHE Legal\" \/>\n<meta property=\"article:modified_time\" content=\"2024-11-27T07:22:58+00:00\" \/>\n<meta name=\"twitter:card\" content=\"summary_large_image\" \/>\n<meta name=\"twitter:label1\" content=\"Est. reading time\" \/>\n\t<meta name=\"twitter:data1\" content=\"2 minutes\" \/>\n<script type=\"application\/ld+json\" class=\"yoast-schema-graph\">{\"@context\":\"https:\/\/schema.org\",\"@graph\":[{\"@type\":\"WebPage\",\"@id\":\"https:\/\/www.emhe.es\/oficinas\/\",\"url\":\"https:\/\/www.emhe.es\/oficinas\/\",\"name\":\"RocaJunyent_grupo - EMHE Legal - Oficinas - RocaJunyent_grupo - EMHE Legal\",\"isPartOf\":{\"@id\":\"https:\/\/www.emhe.es\/#website\"},\"datePublished\":\"2024-11-18T10:46:15+00:00\",\"dateModified\":\"2024-11-27T07:22:58+00:00\",\"breadcrumb\":{\"@id\":\"https:\/\/www.emhe.es\/oficinas\/#breadcrumb\"},\"inLanguage\":\"en-US\",\"potentialAction\":[{\"@type\":\"ReadAction\",\"target\":[\"https:\/\/www.emhe.es\/oficinas\/\"]}]},{\"@type\":\"BreadcrumbList\",\"@id\":\"https:\/\/www.emhe.es\/oficinas\/#breadcrumb\",\"itemListElement\":[{\"@type\":\"ListItem\",\"position\":1,\"name\":\"Portada\",\"item\":\"https:\/\/www.emhe.es\/\"},{\"@type\":\"ListItem\",\"position\":2,\"name\":\"RocaJunyent_grupo &#8211; EMHE Legal &#8211; Oficinas\"}]},{\"@type\":\"WebSite\",\"@id\":\"https:\/\/www.emhe.es\/#website\",\"url\":\"https:\/\/www.emhe.es\/\",\"name\":\"RocaJunyent_grupo - EMHE Legal\",\"description\":\"\",\"potentialAction\":[{\"@type\":\"SearchAction\",\"target\":{\"@type\":\"EntryPoint\",\"urlTemplate\":\"https:\/\/www.emhe.es\/?s={search_term_string}\"},\"query-input\":{\"@type\":\"PropertyValueSpecification\",\"valueRequired\":true,\"valueName\":\"search_term_string\"}}],\"inLanguage\":\"en-US\"}]}<\/script>\n<!-- \/ Yoast SEO plugin. -->","yoast_head_json":{"title":"RocaJunyent_grupo - EMHE Legal - Oficinas - RocaJunyent_grupo - EMHE Legal","robots":{"index":"index","follow":"follow","max-snippet":"max-snippet:-1","max-image-preview":"max-image-preview:large","max-video-preview":"max-video-preview:-1"},"canonical":"https:\/\/www.emhe.es\/oficinas\/","og_locale":"en_US","og_type":"article","og_title":"RocaJunyent_grupo - EMHE Legal - Oficinas - RocaJunyent_grupo - EMHE Legal","og_url":"https:\/\/www.emhe.es\/oficinas\/","og_site_name":"RocaJunyent_grupo - EMHE Legal","article_modified_time":"2024-11-27T07:22:58+00:00","twitter_card":"summary_large_image","twitter_misc":{"Est. reading time":"2 minutes"},"schema":{"@context":"https:\/\/schema.org","@graph":[{"@type":"WebPage","@id":"https:\/\/www.emhe.es\/oficinas\/","url":"https:\/\/www.emhe.es\/oficinas\/","name":"RocaJunyent_grupo - EMHE Legal - Oficinas - RocaJunyent_grupo - EMHE Legal","isPartOf":{"@id":"https:\/\/www.emhe.es\/#website"},"datePublished":"2024-11-18T10:46:15+00:00","dateModified":"2024-11-27T07:22:58+00:00","breadcrumb":{"@id":"https:\/\/www.emhe.es\/oficinas\/#breadcrumb"},"inLanguage":"en-US","potentialAction":[{"@type":"ReadAction","target":["https:\/\/www.emhe.es\/oficinas\/"]}]},{"@type":"BreadcrumbList","@id":"https:\/\/www.emhe.es\/oficinas\/#breadcrumb","itemListElement":[{"@type":"ListItem","position":1,"name":"Portada","item":"https:\/\/www.emhe.es\/"},{"@type":"ListItem","position":2,"name":"RocaJunyent_grupo &#8211; EMHE Legal &#8211; Oficinas"}]},{"@type":"WebSite","@id":"https:\/\/www.emhe.es\/#website","url":"https:\/\/www.emhe.es\/","name":"RocaJunyent_grupo - EMHE Legal","description":"","potentialAction":[{"@type":"SearchAction","target":{"@type":"EntryPoint","urlTemplate":"https:\/\/www.emhe.es\/?s={search_term_string}"},"query-input":{"@type":"PropertyValueSpecification","valueRequired":true,"valueName":"search_term_string"}}],"inLanguage":"en-US"}]}},"_links":{"self":[{"href":"https:\/\/www.emhe.es\/en\/wp-json\/wp\/v2\/pages\/9919"}],"collection":[{"href":"https:\/\/www.emhe.es\/en\/wp-json\/wp\/v2\/pages"}],"about":[{"href":"https:\/\/www.emhe.es\/en\/wp-json\/wp\/v2\/types\/page"}],"author":[{"embeddable":true,"href":"https:\/\/www.emhe.es\/en\/wp-json\/wp\/v2\/users\/1"}],"replies":[{"embeddable":true,"href":"https:\/\/www.emhe.es\/en\/wp-json\/wp\/v2\/comments?post=9919"}],"version-history":[{"count":21,"href":"https:\/\/www.emhe.es\/en\/wp-json\/wp\/v2\/pages\/9919\/revisions"}],"predecessor-version":[{"id":9977,"href":"https:\/\/www.emhe.es\/en\/wp-json\/wp\/v2\/pages\/9919\/revisions\/9977"}],"wp:attachment":[{"href":"https:\/\/www.emhe.es\/en\/wp-json\/wp\/v2\/media?parent=9919"}],"curies":[{"name":"wp","href":"https:\/\/api.w.org\/{rel}","templated":true}]}}